{"id":10,"date":"2025-03-11T04:10:56","date_gmt":"2025-03-11T03:10:56","guid":{"rendered":"http:\/\/cotesauvagecollection.com\/?page_id=10"},"modified":"2026-03-19T15:34:49","modified_gmt":"2026-03-19T14:34:49","slug":"home","status":"publish","type":"page","link":"https:\/\/cotesauvagecollection.com\/","title":{"rendered":"Home"},"content":{"rendered":"\t\t<div data-elementor-type=\"wp-page\" data-elementor-id=\"10\" class=\"elementor elementor-10\">\n\t\t\t\t<div class=\"elementor-element elementor-element-4eaa14b e-grid e-con-boxed e-con e-parent\" data-id=\"4eaa14b\" data-element_type=\"container\" id=\"header-sec\" data-settings=\"{&quot;background_background&quot;:&quot;classic&quot;}\">\n\t\t\t\t\t<div class=\"e-con-inner\">\n\t\t<div class=\"elementor-element elementor-element-7af7627 e-con-full e-flex e-con e-child\" data-id=\"7af7627\" data-element_type=\"container\" data-settings=\"{&quot;background_background&quot;:&quot;classic&quot;}\">\n\t\t<div class=\"elementor-element elementor-element-f43fb6f e-con-full e-flex e-con e-child\" data-id=\"f43fb6f\" data-element_type=\"container\">\n\t\t\t\t<\/div>\n\t\t\t\t<\/div>\n\t\t<div class=\"elementor-element elementor-element-490e90c e-con-full e-flex e-con e-child\" data-id=\"490e90c\" data-element_type=\"container\" data-settings=\"{&quot;background_background&quot;:&quot;classic&quot;}\">\n\t\t<div class=\"elementor-element elementor-element-abe6ef5 e-con-full e-flex e-con e-child\" data-id=\"abe6ef5\" data-element_type=\"container\">\n\t\t\t\t<div class=\"elementor-element elementor-element-7f7640e elementor-widget elementor-widget-heading\" data-id=\"7f7640e\" data-element_type=\"widget\" data-widget_type=\"heading.default\">\n\t\t\t\t<div class=\"elementor-widget-container\">\n\t\t\t\t\t<h2 class=\"elementor-heading-title elementor-size-default\"><a href=\"https:\/\/cotesauvagecollection.com\/index.php\/cote_sauvage_collection__eng_landing\/\" target=\"_blank\">ENG<\/a><\/h2>\t\t\t\t<\/div>\n\t\t\t\t<\/div>\n\t\t\t\t<div class=\"elementor-element elementor-element-4e19e27 elementor-widget__width-inherit elementor-widget elementor-widget-image\" data-id=\"4e19e27\" data-element_type=\"widget\" id=\"site-logo\" data-widget_type=\"image.default\">\n\t\t\t\t<div class=\"elementor-widget-container\">\n\t\t\t\t\t\t\t\t\t\t\t\t\t\t\t<img decoding=\"async\" src=\"https:\/\/cotesauvagecollection.com\/wp-content\/uploads\/elementor\/thumbs\/logo-cotesauvagecollection-r2pnpss5qmljx851y0yf393xefvylo65i7go0u4wci.png\" title=\"logo-cotesauvagecollection\" alt=\"logo-cotesauvagecollection\" loading=\"lazy\" \/>\t\t\t\t\t\t\t\t\t\t\t\t\t\t\t<\/div>\n\t\t\t\t<\/div>\n\t\t\t\t<div class=\"elementor-element elementor-element-295e999 elementor-widget__width-inherit elementor-widget elementor-widget-text-editor\" data-id=\"295e999\" data-element_type=\"widget\" data-widget_type=\"text-editor.default\">\n\t\t\t\t<div class=\"elementor-widget-container\">\n\t\t\t\t\t\t\t\t\t<p>TH\u00c9S, infusions, m\u00e9langes aromatiques<\/p><p>aux algues bretonnes<\/p>\t\t\t\t\t\t\t\t<\/div>\n\t\t\t\t<\/div>\n\t\t\t\t<div class=\"elementor-element elementor-element-95f9570 elementor-widget__width-inherit elementor-widget elementor-widget-text-editor\" data-id=\"95f9570\" data-element_type=\"widget\" data-widget_type=\"text-editor.default\">\n\t\t\t\t<div class=\"elementor-widget-container\">\n\t\t\t\t\t\t\t\t\t<p>Laissez-vous emporter par la puissance des saveurs de l&rsquo;oc\u00e9an<\/p>\t\t\t\t\t\t\t\t<\/div>\n\t\t\t\t<\/div>\n\t\t\t\t<\/div>\n\t\t\t\t<\/div>\n\t\t\t\t\t<\/div>\n\t\t\t\t<\/div>\n\t\t<div class=\"elementor-element elementor-element-ddbeecf e-flex e-con-boxed e-con e-parent\" data-id=\"ddbeecf\" data-element_type=\"container\">\n\t\t\t\t\t<div class=\"e-con-inner\">\n\t\t\t\t<div class=\"elementor-element elementor-element-59949c7 elementor-widget elementor-widget-text-editor\" data-id=\"59949c7\" data-element_type=\"widget\" data-widget_type=\"text-editor.default\">\n\t\t\t\t<div class=\"elementor-widget-container\">\n\t\t\t\t\t\t\t\t\t<p>Inspir\u00e9s par la Bretagne et par sa beaut\u00e9 authentique, nous cr\u00e9ons des produits d\u2019exception.<br \/>Au c\u0153ur de nos cr\u00e9ations, les algues Bretonnes, puissantes, subtiles, 100% naturelles, riches en min\u00e9raux, en vitamines et en antioxydants, elles apportent des notes raffin\u00e9es et innovantes \u00e0 nos collections de th\u00e9s, d\u2019infusions et de m\u00e9langes aromatiques.<\/p>\t\t\t\t\t\t\t\t<\/div>\n\t\t\t\t<\/div>\n\t\t\t\t<div class=\"elementor-element elementor-element-643671c elementor-widget elementor-widget-text-editor\" data-id=\"643671c\" data-element_type=\"widget\" data-widget_type=\"text-editor.default\">\n\t\t\t\t<div class=\"elementor-widget-container\">\n\t\t\t\t\t\t\t\t\t<p>Le th\u00e9 aux algues est une exp\u00e9rience sensorielle unique qui marie la subtilit\u00e9 du th\u00e9 avec la richesse umami des algues. Il offre une infusion aux notes marines d\u00e9licates, l\u00e9g\u00e8rement iod\u00e9es, rappelant une brise oc\u00e9anique. Selon l\u2019algue utilis\u00e9e on peut percevoir des touches v\u00e9g\u00e9tales, bois\u00e9es et m\u00eame l\u00e9g\u00e8rement sucr\u00e9es.<br \/>En bouche, il procure une sensation ronde et apaisante, avec une profondeur qui \u00e9voque le bouillon dashi japonais ou une l\u00e9g\u00e8re min\u00e9ralit\u00e9. Id\u00e9al pour les amateurs de saveurs raffin\u00e9es et pour ceux qui recherchent un \u00e9quilibre entre fra\u00eecheur et complexit\u00e9.<\/p>\t\t\t\t\t\t\t\t<\/div>\n\t\t\t\t<\/div>\n\t\t\t\t<div class=\"elementor-element elementor-element-91f34d5 elementor-widget elementor-widget-text-editor\" data-id=\"91f34d5\" data-element_type=\"widget\" data-widget_type=\"text-editor.default\">\n\t\t\t\t<div class=\"elementor-widget-container\">\n\t\t\t\t\t\t\t\t\t<p>Nos th\u00e9s aux algues sont des ingr\u00e9dients gastronomiques avec une approche mets et th\u00e9s<\/p>\t\t\t\t\t\t\t\t<\/div>\n\t\t\t\t<\/div>\n\t\t\t\t<div class=\"elementor-element elementor-element-72c6050 elementor-widget elementor-widget-text-editor\" data-id=\"72c6050\" data-element_type=\"widget\" data-widget_type=\"text-editor.default\">\n\t\t\t\t<div class=\"elementor-widget-container\">\n\t\t\t\t\t\t\t\t\t<p>Imaginez des Saint-Jacques l\u00e9g\u00e8rement snack\u00e9es \u00e0 c\u0153ur et napp\u00e9es d\u2019une infusion de notre Th\u00e9 Lapsang Souchang \u00e0 la Dulse Bio et la truffe d&rsquo;\u00e9t\u00e9 qui apportent des saveurs marines, umami et subtilement bois\u00e9es, sublimant ainsi la douceur des Saint-Jacques et l\u2019ar\u00f4me raffin\u00e9 de la truffe.<br \/><span style=\"letter-spacing: 0.2px; font-size: 1rem;\">Ou encore une pinc\u00e9e de notre m\u00e9lange aromatique LOUG au wakam\u00e9 bio dans un granit\u00e9 \u00e0 la verveine, apportant une touche de noisette l\u00e9g\u00e8rement sucr\u00e9e, id\u00e9al en interlude rafraichissant entre deux plats d\u2019un menu d\u00e9gustation.<\/span><\/p>\t\t\t\t\t\t\t\t<\/div>\n\t\t\t\t<\/div>\n\t\t\t\t<div class=\"elementor-element elementor-element-f0b1702 elementor-widget elementor-widget-text-editor\" data-id=\"f0b1702\" data-element_type=\"widget\" data-widget_type=\"text-editor.default\">\n\t\t\t\t<div class=\"elementor-widget-container\">\n\t\t\t\t\t\t\t\t\t<p>Des produits d\u2019exception aux saveurs innovantes<\/p>\t\t\t\t\t\t\t\t<\/div>\n\t\t\t\t<\/div>\n\t\t\t\t\t<\/div>\n\t\t\t\t<\/div>\n\t\t<div class=\"elementor-element elementor-element-a22d71e e-flex e-con-boxed e-con e-parent\" data-id=\"a22d71e\" data-element_type=\"container\" id=\"Sec-image-bg\">\n\t\t\t\t\t<div class=\"e-con-inner\">\n\t\t\t\t<div class=\"elementor-element elementor-element-49ddeb6 elementor-widget elementor-widget-image\" data-id=\"49ddeb6\" data-element_type=\"widget\" data-widget_type=\"image.default\">\n\t\t\t\t<div class=\"elementor-widget-container\">\n\t\t\t\t\t\t\t\t\t\t\t\t\t\t\t<img fetchpriority=\"high\" decoding=\"async\" width=\"1553\" height=\"1096\" src=\"https:\/\/cotesauvagecollection.com\/wp-content\/uploads\/2025\/04\/cotesauvagecollection-03.jpg\" class=\"attachment-full size-full wp-image-705\" alt=\"\" srcset=\"https:\/\/cotesauvagecollection.com\/wp-content\/uploads\/2025\/04\/cotesauvagecollection-03.jpg 1553w, https:\/\/cotesauvagecollection.com\/wp-content\/uploads\/2025\/04\/cotesauvagecollection-03-300x212.jpg 300w, https:\/\/cotesauvagecollection.com\/wp-content\/uploads\/2025\/04\/cotesauvagecollection-03-1024x723.jpg 1024w, https:\/\/cotesauvagecollection.com\/wp-content\/uploads\/2025\/04\/cotesauvagecollection-03-768x542.jpg 768w, https:\/\/cotesauvagecollection.com\/wp-content\/uploads\/2025\/04\/cotesauvagecollection-03-1536x1084.jpg 1536w\" sizes=\"(max-width: 1553px) 100vw, 1553px\" \/>\t\t\t\t\t\t\t\t\t\t\t\t\t\t\t<\/div>\n\t\t\t\t<\/div>\n\t\t\t\t<div class=\"elementor-element elementor-element-25c85ab elementor-widget elementor-widget-text-editor\" data-id=\"25c85ab\" data-element_type=\"widget\" data-widget_type=\"text-editor.default\">\n\t\t\t\t<div class=\"elementor-widget-container\">\n\t\t\t\t\t\t\t\t\t<p>Nos th\u00e9s, nos infusions et nos m\u00e9langes aromatiques sont soigneusement con\u00e7us pour capturer l&rsquo;ar\u00f4me subtil des algues Bretonnes en y ajoutant des touches \u00e9l\u00e9gantes qui enchanteront vos papilles et sublimeront vos plats, et m\u00eame vos cocktails.<\/p>\t\t\t\t\t\t\t\t<\/div>\n\t\t\t\t<\/div>\n\t\t<div class=\"elementor-element elementor-element-d61df8a e-grid e-con-full e-con e-child\" data-id=\"d61df8a\" data-element_type=\"container\" id=\"sec-2col-img\">\n\t\t\t\t<div class=\"elementor-element elementor-element-5d2b8ac elementor-widget elementor-widget-image\" data-id=\"5d2b8ac\" data-element_type=\"widget\" data-widget_type=\"image.default\">\n\t\t\t\t<div class=\"elementor-widget-container\">\n\t\t\t\t\t\t\t\t\t\t\t\t\t\t\t<img decoding=\"async\" width=\"611\" height=\"480\" src=\"https:\/\/cotesauvagecollection.com\/wp-content\/uploads\/2025\/03\/image-content-02.jpg\" class=\"attachment-full size-full wp-image-82\" alt=\"\" srcset=\"https:\/\/cotesauvagecollection.com\/wp-content\/uploads\/2025\/03\/image-content-02.jpg 611w, https:\/\/cotesauvagecollection.com\/wp-content\/uploads\/2025\/03\/image-content-02-300x236.jpg 300w\" sizes=\"(max-width: 611px) 100vw, 611px\" \/>\t\t\t\t\t\t\t\t\t\t\t\t\t\t\t<\/div>\n\t\t\t\t<\/div>\n\t\t\t\t<div class=\"elementor-element elementor-element-be271c4 elementor-widget elementor-widget-image\" data-id=\"be271c4\" data-element_type=\"widget\" data-widget_type=\"image.default\">\n\t\t\t\t<div class=\"elementor-widget-container\">\n\t\t\t\t\t\t\t\t\t\t\t\t\t\t\t<img decoding=\"async\" width=\"611\" height=\"480\" src=\"https:\/\/cotesauvagecollection.com\/wp-content\/uploads\/2025\/03\/image-content-03.jpg\" class=\"attachment-full size-full wp-image-83\" alt=\"\" srcset=\"https:\/\/cotesauvagecollection.com\/wp-content\/uploads\/2025\/03\/image-content-03.jpg 611w, https:\/\/cotesauvagecollection.com\/wp-content\/uploads\/2025\/03\/image-content-03-300x236.jpg 300w\" sizes=\"(max-width: 611px) 100vw, 611px\" \/>\t\t\t\t\t\t\t\t\t\t\t\t\t\t\t<\/div>\n\t\t\t\t<\/div>\n\t\t\t\t<\/div>\n\t\t\t\t\t<\/div>\n\t\t\t\t<\/div>\n\t\t<div class=\"elementor-element elementor-element-20d99fb e-flex e-con-boxed e-con e-parent\" data-id=\"20d99fb\" data-element_type=\"container\" data-settings=\"{&quot;background_background&quot;:&quot;classic&quot;}\">\n\t\t\t\t\t<div class=\"e-con-inner\">\n\t\t<div class=\"elementor-element elementor-element-e771a37 e-con-full e-flex e-con e-child\" data-id=\"e771a37\" data-element_type=\"container\" data-settings=\"{&quot;background_background&quot;:&quot;classic&quot;}\">\n\t\t<div class=\"elementor-element elementor-element-bbb5939 e-con-full e-flex e-con e-child\" data-id=\"bbb5939\" data-element_type=\"container\">\n\t\t<div class=\"elementor-element elementor-element-f83ee1a e-con-full e-flex e-con e-child\" data-id=\"f83ee1a\" data-element_type=\"container\">\n\t\t\t\t<div class=\"elementor-element elementor-element-1e4c0c9 elementor-widget elementor-widget-image\" data-id=\"1e4c0c9\" data-element_type=\"widget\" data-widget_type=\"image.default\">\n\t\t\t\t<div class=\"elementor-widget-container\">\n\t\t\t\t\t\t\t\t\t\t\t\t\t\t\t<img decoding=\"async\" src=\"https:\/\/cotesauvagecollection.com\/wp-content\/uploads\/elementor\/thumbs\/WhatsApp-Image-2025-03-17-at-4.12.44-PM-r30buxeirw8uob5fibo2h18lbizrcv8eivt6hhkmm2.jpeg\" title=\"WhatsApp Image 2025-03-17 at 4.12.44 PM\" alt=\"WhatsApp Image 2025-03-17 at 4.12.44 PM\" loading=\"lazy\" \/>\t\t\t\t\t\t\t\t\t\t\t\t\t\t\t<\/div>\n\t\t\t\t<\/div>\n\t\t\t\t<\/div>\n\t\t<div class=\"elementor-element elementor-element-e7cc52c e-con-full e-flex e-con e-child\" data-id=\"e7cc52c\" data-element_type=\"container\">\n\t\t\t\t<div class=\"elementor-element elementor-element-bf09414 elementor-widget elementor-widget-text-editor\" data-id=\"bf09414\" data-element_type=\"widget\" data-widget_type=\"text-editor.default\">\n\t\t\t\t<div class=\"elementor-widget-container\">\n\t\t\t\t\t\t\t\t\t<h6 style=\"text-align: left;\"><strong>Rejoignez-nous dans cette aventure culinaire innovante et laissez-vous emporter par le go\u00fbt authentique de c\u00f4te sauvage collection<\/strong><\/h6>\t\t\t\t\t\t\t\t<\/div>\n\t\t\t\t<\/div>\n\t\t\t\t<\/div>\n\t\t\t\t<\/div>\n\t\t\t\t<\/div>\n\t\t<div class=\"elementor-element elementor-element-2e420f1 e-con-full e-flex e-con e-child\" data-id=\"2e420f1\" data-element_type=\"container\" data-settings=\"{&quot;background_background&quot;:&quot;classic&quot;}\">\n\t\t\t\t<div class=\"elementor-element elementor-element-ddfa7fa elementor-widget elementor-widget-html\" data-id=\"ddfa7fa\" data-element_type=\"widget\" data-widget_type=\"html.default\">\n\t\t\t\t<div class=\"elementor-widget-container\">\n\t\t\t\t\t\n<div class=\"wpcf7 no-js\" id=\"wpcf7-f88-o1\" lang=\"en-US\" dir=\"ltr\" data-wpcf7-id=\"88\">\n<div class=\"screen-reader-response\"><p role=\"status\" aria-live=\"polite\" aria-atomic=\"true\"><\/p> <ul><\/ul><\/div>\n<form action=\"\/index.php\/wp-json\/wp\/v2\/pages\/10#wpcf7-f88-o1\" method=\"post\" class=\"wpcf7-form init\" aria-label=\"Contact form\" novalidate=\"novalidate\" data-status=\"init\">\n<div style=\"display: none;\">\n<input type=\"hidden\" name=\"_wpcf7\" value=\"88\" \/>\n<input type=\"hidden\" name=\"_wpcf7_version\" value=\"6.0.5\" \/>\n<input type=\"hidden\" name=\"_wpcf7_locale\" value=\"en_US\" \/>\n<input type=\"hidden\" name=\"_wpcf7_unit_tag\" value=\"wpcf7-f88-o1\" \/>\n<input type=\"hidden\" name=\"_wpcf7_container_post\" value=\"0\" \/>\n<input type=\"hidden\" name=\"_wpcf7_posted_data_hash\" value=\"\" \/>\n<\/div>\n<div>\n\t<p><span class=\"wpcf7-form-control-wrap\" data-name=\"your-name\"><input size=\"40\" maxlength=\"400\" class=\"wpcf7-form-control wpcf7-text wpcf7-validates-as-required\" autocomplete=\"name\" aria-required=\"true\" aria-invalid=\"false\" placeholder=\"Votre Nom\" value=\"\" type=\"text\" name=\"your-name\" \/><\/span>\n\t<\/p>\n<\/div>\n<div>\n\t<p><span class=\"wpcf7-form-control-wrap\" data-name=\"your-votre-prenom\"><input size=\"40\" maxlength=\"400\" class=\"wpcf7-form-control wpcf7-text wpcf7-validates-as-required\" autocomplete=\"fname\" aria-required=\"true\" aria-invalid=\"false\" placeholder=\"Votre PRENOM\" value=\"\" type=\"text\" name=\"your-votre-prenom\" \/><\/span>\n\t<\/p>\n<\/div>\n<div>\n\t<p><span class=\"wpcf7-form-control-wrap\" data-name=\"votre-societe\"><input size=\"40\" maxlength=\"400\" class=\"wpcf7-form-control wpcf7-text wpcf7-validates-as-required\" autocomplete=\"fname\" aria-required=\"true\" aria-invalid=\"false\" placeholder=\"Votre SOCIETE\" value=\"\" type=\"text\" name=\"votre-societe\" \/><\/span>\n\t<\/p>\n<\/div>\n<div>\n\t<p><span class=\"wpcf7-form-control-wrap\" data-name=\"your-email\"><input size=\"40\" maxlength=\"400\" class=\"wpcf7-form-control wpcf7-email wpcf7-validates-as-required wpcf7-text wpcf7-validates-as-email\" autocomplete=\"email\" aria-required=\"true\" aria-invalid=\"false\" placeholder=\"Votre e-mail\" value=\"\" type=\"email\" name=\"your-email\" \/><\/span>\n\t<\/p>\n<\/div>\n<div>\n\t<p><span class=\"wpcf7-form-control-wrap\" data-name=\"phone-number\"><input size=\"40\" maxlength=\"400\" class=\"wpcf7-form-control wpcf7-tel wpcf7-text wpcf7-validates-as-tel\" aria-invalid=\"false\" placeholder=\"Votre TELEPHONE\" value=\"\" type=\"tel\" name=\"phone-number\" \/><\/span>\n\t<\/p>\n<\/div>\n<div>\n\t<p><span class=\"wpcf7-form-control-wrap\" data-name=\"your-message\"><textarea cols=\"40\" rows=\"10\" maxlength=\"2000\" class=\"wpcf7-form-control wpcf7-textarea wpcf7-validates-as-required\" aria-required=\"true\" aria-invalid=\"false\" placeholder=\"Votre message\" name=\"your-message\"><\/textarea><\/span>\n\t<\/p>\n<\/div>\n<p><div id=\"cf7sr-69e20662d6041\" class=\"cf7sr-g-recaptcha\" data-theme=\"light\" data-type=\"image\" data-size=\"normal\" data-sitekey=\"6LfaTIksAAAAACE1kj5d81sfbshMNPH_GhkyluHu\"><\/div><span class=\"wpcf7-form-control-wrap cf7sr-recaptcha\" data-name=\"cf7sr-recaptcha\"><input type=\"hidden\" name=\"cf7sr-recaptcha\" value=\"\" class=\"wpcf7-form-control\"><\/span>\n<\/p>\n<p><input class=\"wpcf7-form-control wpcf7-submit has-spinner\" type=\"submit\" value=\"Envoyez\" \/>\n<\/p><div class=\"wpcf7-response-output\" aria-hidden=\"true\"><\/div>\n<\/form>\n<\/div>\n\t\t\t\t<\/div>\n\t\t\t\t<\/div>\n\t\t\t\t<\/div>\n\t\t\t\t\t<\/div>\n\t\t\t\t<\/div>\n\t\t<div class=\"elementor-element elementor-element-07019ce e-grid e-con-boxed e-con e-parent\" data-id=\"07019ce\" data-element_type=\"container\" data-settings=\"{&quot;background_background&quot;:&quot;classic&quot;}\">\n\t\t\t\t\t<div class=\"e-con-inner\">\n\t\t<div class=\"elementor-element elementor-element-828441c e-con-full e-flex e-con e-child\" data-id=\"828441c\" data-element_type=\"container\" data-settings=\"{&quot;background_background&quot;:&quot;classic&quot;}\">\n\t\t<div class=\"elementor-element elementor-element-2dd4f75 e-con-full e-flex e-con e-child\" data-id=\"2dd4f75\" data-element_type=\"container\">\n\t\t\t\t<div class=\"elementor-element elementor-element-c974c8c elementor-widget elementor-widget-text-editor\" data-id=\"c974c8c\" data-element_type=\"widget\" data-widget_type=\"text-editor.default\">\n\t\t\t\t<div class=\"elementor-widget-container\">\n\t\t\t\t\t\t\t\t\t<p>Nous croyons fermement en la richesse naturelle de notre belle Bretagne, et nous nous engageons \u00e0 respecter et pr\u00e9server son \u00e9cosyst\u00e8me marin exceptionnel. C&rsquo;est pourquoi nous travaillons \u00e9troitement et exclusivement avec des partenaires locaux pour cultiver et r\u00e9colter les algues de mani\u00e8re durable afin de garantir une qualit\u00e9 et une tra\u00e7abilit\u00e9 de qualit\u00e9.<\/p>\t\t\t\t\t\t\t\t<\/div>\n\t\t\t\t<\/div>\n\t\t\t\t<\/div>\n\t\t\t\t<\/div>\n\t\t\t\t\t<\/div>\n\t\t\t\t<\/div>\n\t\t<div class=\"elementor-element elementor-element-c0650cc e-flex e-con-boxed e-con e-parent\" data-id=\"c0650cc\" data-element_type=\"container\" id=\"footer-section\" data-settings=\"{&quot;background_background&quot;:&quot;classic&quot;}\">\n\t\t\t\t\t<div class=\"e-con-inner\">\n\t\t<div class=\"elementor-element elementor-element-462d8ab e-grid e-con-boxed e-con e-child\" data-id=\"462d8ab\" data-element_type=\"container\">\n\t\t\t\t\t<div class=\"e-con-inner\">\n\t\t<div class=\"elementor-element elementor-element-bfb8f29 e-con-full e-flex e-con e-child\" data-id=\"bfb8f29\" data-element_type=\"container\">\n\t\t\t\t<div class=\"elementor-element elementor-element-d764b84 elementor-widget elementor-widget-text-editor\" data-id=\"d764b84\" data-element_type=\"widget\" data-widget_type=\"text-editor.default\">\n\t\t\t\t<div class=\"elementor-widget-container\">\n\t\t\t\t\t\t\t\t\t<p>SUivez nous sur les r\u00e9seaux<\/p>\t\t\t\t\t\t\t\t<\/div>\n\t\t\t\t<\/div>\n\t\t\t\t<div class=\"elementor-element elementor-element-e659657 elementor-widget elementor-widget-image\" data-id=\"e659657\" data-element_type=\"widget\" data-widget_type=\"image.default\">\n\t\t\t\t<div class=\"elementor-widget-container\">\n\t\t\t\t\t\t\t\t\t\t\t\t\t\t\t\t<a href=\"https:\/\/www.instagram.com\/cote_sauvage_collection?igsh=MWdzNHVmdzFxZ3Zqcg==\">\n\t\t\t\t\t\t\t<img decoding=\"async\" src=\"https:\/\/cotesauvagecollection.com\/wp-content\/uploads\/elementor\/thumbs\/img-insta-r2qj92ar8fk6utem7mfxw6dzyj1h3wt2p7tn6bbm00.png\" title=\"img-insta\" alt=\"img-insta\" loading=\"lazy\" \/>\t\t\t\t\t\t\t\t<\/a>\n\t\t\t\t\t\t\t\t\t\t\t\t\t\t\t<\/div>\n\t\t\t\t<\/div>\n\t\t\t\t<\/div>\n\t\t<div class=\"elementor-element elementor-element-24fefb7 e-con-full footer-text e-flex e-con e-child\" data-id=\"24fefb7\" data-element_type=\"container\">\n\t\t\t\t<div class=\"elementor-element elementor-element-2ddb002 elementor-widget-mobile__width-inherit label-contact elementor-widget__width-inherit elementor-widget elementor-widget-text-editor\" data-id=\"2ddb002\" data-element_type=\"widget\" data-widget_type=\"text-editor.default\">\n\t\t\t\t<div class=\"elementor-widget-container\">\n\t\t\t\t\t\t\t\t\t<p><span class=\"OYPEnA font-feature-liga-off font-feature-clig-off font-feature-calt-off text-decoration-none text-strikethrough-none\">Contact<\/span><\/p>\t\t\t\t\t\t\t\t<\/div>\n\t\t\t\t<\/div>\n\t\t\t\t<div class=\"elementor-element elementor-element-3865e89 elementor-widget__width-inherit elementor-widget elementor-widget-text-editor\" data-id=\"3865e89\" data-element_type=\"widget\" id=\"address-contact\" data-widget_type=\"text-editor.default\">\n\t\t\t\t<div class=\"elementor-widget-container\">\n\t\t\t\t\t\t\t\t\t<p style=\"text-align: center;\">2, rue des villes billy<\/p><p style=\"text-align: center;\"><span style=\"letter-spacing: 0.2 px; font-size: 1rem;\">35780 La Richardais<\/span><\/p><p style=\"text-align: center;\"><span style=\"letter-spacing: 0.2 px; font-size: 1rem;\">\u00a0<\/span><\/p><p style=\"text-align: center;\">Siren : 940792823<\/p>\t\t\t\t\t\t\t\t<\/div>\n\t\t\t\t<\/div>\n\t\t\t\t<\/div>\n\t\t\t\t\t<\/div>\n\t\t\t\t<\/div>\n\t\t\t\t\t<\/div>\n\t\t\t\t<\/div>\n\t\t\t\t<\/div>\n\t\t","protected":false},"excerpt":{"rendered":"<p>ENG TH\u00c9S, infusions, m\u00e9langes aromatiques aux algues bretonnes Laissez-vous emporter par la puissance des saveurs de l&rsquo;oc\u00e9an Inspir\u00e9s par la Bretagne et par sa beaut\u00e9 authentique, nous cr\u00e9ons des produits d\u2019exception.Au c\u0153ur de nos cr\u00e9ations, les algues Bretonnes, puissantes, subtiles, 100% naturelles, riches en min\u00e9raux, en vitamines et en antioxydants, elles apportent des notes raffin\u00e9es [&hellip;]<\/p>\n","protected":false},"author":1,"featured_media":0,"parent":0,"menu_order":0,"comment_status":"closed","ping_status":"closed","template":"","meta":{"footnotes":""},"class_list":["post-10","page","type-page","status-publish","hentry"],"_links":{"self":[{"href":"https:\/\/cotesauvagecollection.com\/index.php\/wp-json\/wp\/v2\/pages\/10","targetHints":{"allow":["GET"]}}],"collection":[{"href":"https:\/\/cotesauvagecollection.com\/index.php\/wp-json\/wp\/v2\/pages"}],"about":[{"href":"https:\/\/cotesauvagecollection.com\/index.php\/wp-json\/wp\/v2\/types\/page"}],"author":[{"embeddable":true,"href":"https:\/\/cotesauvagecollection.com\/index.php\/wp-json\/wp\/v2\/users\/1"}],"replies":[{"embeddable":true,"href":"https:\/\/cotesauvagecollection.com\/index.php\/wp-json\/wp\/v2\/comments?post=10"}],"version-history":[{"count":415,"href":"https:\/\/cotesauvagecollection.com\/index.php\/wp-json\/wp\/v2\/pages\/10\/revisions"}],"predecessor-version":[{"id":840,"href":"https:\/\/cotesauvagecollection.com\/index.php\/wp-json\/wp\/v2\/pages\/10\/revisions\/840"}],"wp:attachment":[{"href":"https:\/\/cotesauvagecollection.com\/index.php\/wp-json\/wp\/v2\/media?parent=10"}],"curies":[{"name":"wp","href":"https:\/\/api.w.org\/{rel}","templated":true}]}}